{"id":1165,"date":"2025-09-23T10:18:04","date_gmt":"2025-09-23T10:18:04","guid":{"rendered":"https:\/\/aselkon.com.tr\/?page_id=1165"},"modified":"2026-02-05T12:47:03","modified_gmt":"2026-02-05T12:47:03","slug":"teklif-al","status":"publish","type":"page","link":"https:\/\/aselkon.com.tr\/en\/get-an-offer\/","title":{"rendered":"Get Offer"},"content":{"rendered":"<p>[et_pb_section fb_built=&#8221;1&#8243; custom_padding_last_edited=&#8221;on|phone&#8221; admin_label=&#8221;B\u00f6l\u00fcm&#8221; _builder_version=&#8221;4.27.0&#8243; _module_preset=&#8221;default&#8221; background_enable_color=&#8221;off&#8221; use_background_color_gradient=&#8221;on&#8221; background_color_gradient_type=&#8221;circular&#8221; background_color_gradient_direction_radial=&#8221;top&#8221; background_color_gradient_stops=&#8221;#ffffff 0%|#f7f7f7 100%&#8221; background_color_gradient_overlays_image=&#8221;on&#8221; background_image=&#8221;https:\/\/aselkon.com.tr\/wp-content\/uploads\/2025\/07\/World_map1.webp&#8221; background_size=&#8221;contain&#8221; background_blend=&#8221;screen&#8221; min_height=&#8221;90vh&#8221; custom_padding_tablet=&#8221;&#8221; custom_padding_phone=&#8221;117px||||false|false&#8221; background_color_phone=&#8221;#99a9b2&#8243; background_last_edited=&#8221;on|phone&#8221; background_enable_color_phone=&#8221;on&#8221; use_background_color_gradient_phone=&#8221;off&#8221; background_size_phone=&#8221;custom&#8221; background_image_width_phone=&#8221;250%&#8221; background_position_phone=&#8221;top_center&#8221; global_colors_info=&#8221;{%22gcid-84eda0f0-07e7-46d3-a25f-cd22660ca963%22:%91%22background_color_gradient_stops%22%93,%22gcid-ea952676-48ac-4e7f-af10-1f0bb8c3be18%22:%91%22background_color_gradient_stops%22%93}&#8221;][et_pb_row column_structure=&#8221;1_2,1_2&#8243; _builder_version=&#8221;4.27.0&#8243; _module_preset=&#8221;default&#8221; max_width=&#8221;1200px&#8221; global_colors_info=&#8221;{}&#8221;][et_pb_column type=&#8221;1_2&#8243; _builder_version=&#8221;4.27.0&#8243; _module_preset=&#8221;default&#8221; global_colors_info=&#8221;{}&#8221;][et_pb_text _builder_version=&#8221;4.27.0&#8243; _module_preset=&#8221;default&#8221; text_font=&#8221;Inter||||||||&#8221; text_text_color=&#8221;#6B6B6B&#8221; text_font_size=&#8221;18px&#8221; header_font=&#8221;Inter||||||||&#8221; header_text_color=&#8221;#FFFFFF&#8221; header_2_font=&#8221;Inter|700|||||||&#8221; header_2_text_color=&#8221;#000000&#8243; header_2_font_size=&#8221;33px&#8221; background_enable_color=&#8221;off&#8221; z_index=&#8221;-2&#8243; custom_margin=&#8221;||||false|false&#8221; custom_padding=&#8221;||||false|true&#8221; text_text_color_tablet=&#8221;#FFFFFF&#8221; text_text_color_phone=&#8221;#FFFFFF&#8221; text_text_color_last_edited=&#8221;off|phone&#8221; header_2_text_color_tablet=&#8221;gcid-ea952676-48ac-4e7f-af10-1f0bb8c3be18&#8243; header_2_text_color_phone=&#8221;#000000&#8243; header_2_text_color_last_edited=&#8221;on|phone&#8221; global_colors_info=&#8221;{%22gcid-ea952676-48ac-4e7f-af10-1f0bb8c3be18%22:%91%22header_2_text_color_phone%22,%22background_color%22%93}&#8221;]<\/p>\n<h2>Get Offer<\/h2>\n<p>As Aselkon Crane Systems, we are here to offer you the most suitable crane solutions for your needs. Whatever your project, area of operation or specific requirements, we can provide you with a quick and detailed proposal.<\/p>\n<p>&nbsp;<\/p>\n<p>[\/et_pb_text][et_pb_text _builder_version=&#8221;4.27.0&#8243; _module_preset=&#8221;default&#8221; text_text_color=&#8221;#000000&#8243; header_3_font=&#8221;Barlow Condensed|600|||||||&#8221; header_3_text_color=&#8221;gcid-2cf4a26c-c0f0-4272-b145-5ba88f3d7c73&#8243; header_3_font_size=&#8221;50px&#8221; global_colors_info=&#8221;{%22gcid-2cf4a26c-c0f0-4272-b145-5ba88f3d7c73%22:%91%22header_3_text_color%22%93}&#8221;]<\/p>\n<h3>444 77 42<\/h3>\n<p>By contacting our expert team on the number, we can choose the most suitable crane for you together.\u00a0<\/p>\n<p>[\/et_pb_text][et_pb_button button_url=&#8221;https:\/\/wa.me\/905322975964&#8243; button_text=&#8221;WhatsApp&#8217;tan Hemen Ula\u015f\u0131n&#8221; button_alignment=&#8221;left&#8221; button_alignment_tablet=&#8221;left&#8221; button_alignment_phone=&#8221;left&#8221; button_alignment_last_edited=&#8221;on|phone&#8221; _builder_version=&#8221;4.27.4&#8243; _module_preset=&#8221;default&#8221; custom_button=&#8221;on&#8221; button_text_color=&#8221;#12876F&#8221; button_border_width=&#8221;1px&#8221; button_icon=&#8221;&#xf232;||fa||400&#8243; button_icon_placement=&#8221;left&#8221; button_on_hover=&#8221;off&#8221; custom_padding=&#8221;||||true|true&#8221; global_colors_info=&#8221;{}&#8221;][\/et_pb_button][\/et_pb_column][et_pb_column type=&#8221;1_2&#8243; _builder_version=&#8221;4.27.0&#8243; _module_preset=&#8221;default&#8221; background_enable_color=&#8221;off&#8221; custom_padding=&#8221;25px|40px|25px|40px|true|true&#8221; custom_padding_tablet=&#8221;25px|40px|25px|40px|true|true&#8221; custom_padding_phone=&#8221;|0px||0px|true|true&#8221; custom_padding_last_edited=&#8221;on|phone&#8221; global_colors_info=&#8221;{%22gcid-ea952676-48ac-4e7f-af10-1f0bb8c3be18%22:%91%22background_color%22%93}&#8221;][et_pb_text _builder_version=&#8221;4.27.0&#8243; _module_preset=&#8221;default&#8221; global_colors_info=&#8221;{}&#8221;]<\/p>\n<p>Please fill out the form below and send us your crane type, capacity, usage area and special requests.<\/p>\n<p>[\/et_pb_text][et_pb_contact_form email=&#8221;havva.ayan@aselkon.com.tr&#8221; custom_message=&#8221;\u0130sim: %%Name%%||et_pb_line_break_holder||\u015eirket: %%sirket-ismi%%||et_pb_line_break_holder||E-Posta: %%Email%%||et_pb_line_break_holder||Telefon: %%telefon%%||et_pb_line_break_holder||Mesaj: %%Message%%&#8221; _builder_version=&#8221;4.27.5&#8243; _module_preset=&#8221;default&#8221; _unique_id=&#8221;543140ce-40a7-4158-84d3-6dd77a6baceb&#8221; custom_button=&#8221;on&#8221; button_text_color=&#8221;#000000&#8243; button_border_width=&#8221;1px&#8221; button_border_radius=&#8221;65px&#8221; hover_enabled=&#8221;0&#8243; border_radii=&#8221;on|10px|10px|10px|10px&#8221; global_colors_info=&#8221;{%22gcid-ea952676-48ac-4e7f-af10-1f0bb8c3be18%22:%91%22button_text_color%22%93,%22gcid-84eda0f0-07e7-46d3-a25f-cd22660ca963%22:%91%22button_bg_color%22%93}&#8221; sticky_enabled=&#8221;0&#8243;][et_pb_contact_field field_id=&#8221;Name&#8221; field_title=&#8221;\u0130sim&#8221; _builder_version=&#8221;4.27.4&#8243; global_colors_info=&#8221;{}&#8221; button_text_size__hover_enabled=&#8221;off&#8221; button_one_text_size__hover_enabled=&#8221;off&#8221; button_two_text_size__hover_enabled=&#8221;off&#8221; button_text_color__hover_enabled=&#8221;off&#8221; button_one_text_color__hover_enabled=&#8221;off&#8221; button_two_text_color__hover_enabled=&#8221;off&#8221; button_border_width__hover_enabled=&#8221;off&#8221; button_one_border_width__hover_enabled=&#8221;off&#8221; button_two_border_width__hover_enabled=&#8221;off&#8221; button_border_color__hover_enabled=&#8221;off&#8221; button_one_border_color__hover_enabled=&#8221;off&#8221; button_two_border_color__hover_enabled=&#8221;off&#8221; button_border_radius__hover_enabled=&#8221;off&#8221; button_one_border_radius__hover_enabled=&#8221;off&#8221; button_two_border_radius__hover_enabled=&#8221;off&#8221; button_letter_spacing__hover_enabled=&#8221;off&#8221; button_one_letter_spacing__hover_enabled=&#8221;off&#8221; button_two_letter_spacing__hover_enabled=&#8221;off&#8221; button_bg_color__hover_enabled=&#8221;off&#8221; button_one_bg_color__hover_enabled=&#8221;off&#8221; button_two_bg_color__hover_enabled=&#8221;off&#8221;][\/et_pb_contact_field][et_pb_contact_field field_id=&#8221;sirket-ismi&#8221; field_title=&#8221;\u015eirket Ad\u0131 &#8221; _builder_version=&#8221;4.27.4&#8243; global_colors_info=&#8221;{}&#8221; button_text_size__hover_enabled=&#8221;off&#8221; button_one_text_size__hover_enabled=&#8221;off&#8221; button_two_text_size__hover_enabled=&#8221;off&#8221; button_text_color__hover_enabled=&#8221;off&#8221; button_one_text_color__hover_enabled=&#8221;off&#8221; button_two_text_color__hover_enabled=&#8221;off&#8221; button_border_width__hover_enabled=&#8221;off&#8221; button_one_border_width__hover_enabled=&#8221;off&#8221; button_two_border_width__hover_enabled=&#8221;off&#8221; button_border_color__hover_enabled=&#8221;off&#8221; button_one_border_color__hover_enabled=&#8221;off&#8221; button_two_border_color__hover_enabled=&#8221;off&#8221; button_border_radius__hover_enabled=&#8221;off&#8221; button_one_border_radius__hover_enabled=&#8221;off&#8221; button_two_border_radius__hover_enabled=&#8221;off&#8221; button_letter_spacing__hover_enabled=&#8221;off&#8221; button_one_letter_spacing__hover_enabled=&#8221;off&#8221; button_two_letter_spacing__hover_enabled=&#8221;off&#8221; button_bg_color__hover_enabled=&#8221;off&#8221; button_one_bg_color__hover_enabled=&#8221;off&#8221; button_two_bg_color__hover_enabled=&#8221;off&#8221;][\/et_pb_contact_field][et_pb_contact_field field_id=&#8221;Email&#8221; field_title=&#8221;E-posta adresi&#8221; field_type=&#8221;email&#8221; _builder_version=&#8221;4.27.5&#8243; hover_enabled=&#8221;0&#8243; global_colors_info=&#8221;{}&#8221; button_text_size__hover_enabled=&#8221;off&#8221; button_one_text_size__hover_enabled=&#8221;off&#8221; button_two_text_size__hover_enabled=&#8221;off&#8221; button_text_color__hover_enabled=&#8221;off&#8221; button_one_text_color__hover_enabled=&#8221;off&#8221; button_two_text_color__hover_enabled=&#8221;off&#8221; button_border_width__hover_enabled=&#8221;off&#8221; button_one_border_width__hover_enabled=&#8221;off&#8221; button_two_border_width__hover_enabled=&#8221;off&#8221; button_border_color__hover_enabled=&#8221;off&#8221; button_one_border_color__hover_enabled=&#8221;off&#8221; button_two_border_color__hover_enabled=&#8221;off&#8221; button_border_radius__hover_enabled=&#8221;off&#8221; button_one_border_radius__hover_enabled=&#8221;off&#8221; button_two_border_radius__hover_enabled=&#8221;off&#8221; button_letter_spacing__hover_enabled=&#8221;off&#8221; button_one_letter_spacing__hover_enabled=&#8221;off&#8221; button_two_letter_spacing__hover_enabled=&#8221;off&#8221; button_bg_color__hover_enabled=&#8221;off&#8221; button_one_bg_color__hover_enabled=&#8221;off&#8221; button_two_bg_color__hover_enabled=&#8221;off&#8221; sticky_enabled=&#8221;0&#8243;][\/et_pb_contact_field][et_pb_contact_field field_id=&#8221;telefon&#8221; field_title=&#8221;Telefon Numaran\u0131z&#8221; _builder_version=&#8221;4.27.4&#8243; global_colors_info=&#8221;{}&#8221; button_text_size__hover_enabled=&#8221;off&#8221; button_one_text_size__hover_enabled=&#8221;off&#8221; button_two_text_size__hover_enabled=&#8221;off&#8221; button_text_color__hover_enabled=&#8221;off&#8221; button_one_text_color__hover_enabled=&#8221;off&#8221; button_two_text_color__hover_enabled=&#8221;off&#8221; button_border_width__hover_enabled=&#8221;off&#8221; button_one_border_width__hover_enabled=&#8221;off&#8221; button_two_border_width__hover_enabled=&#8221;off&#8221; button_border_color__hover_enabled=&#8221;off&#8221; button_one_border_color__hover_enabled=&#8221;off&#8221; button_two_border_color__hover_enabled=&#8221;off&#8221; button_border_radius__hover_enabled=&#8221;off&#8221; button_one_border_radius__hover_enabled=&#8221;off&#8221; button_two_border_radius__hover_enabled=&#8221;off&#8221; button_letter_spacing__hover_enabled=&#8221;off&#8221; button_one_letter_spacing__hover_enabled=&#8221;off&#8221; button_two_letter_spacing__hover_enabled=&#8221;off&#8221; button_bg_color__hover_enabled=&#8221;off&#8221; button_one_bg_color__hover_enabled=&#8221;off&#8221; button_two_bg_color__hover_enabled=&#8221;off&#8221;][\/et_pb_contact_field][et_pb_contact_field field_id=&#8221;Message&#8221; field_title=&#8221;Mesaj&#8221; field_type=&#8221;text&#8221; fullwidth_field=&#8221;on&#8221; _builder_version=&#8221;4.27.4&#8243; global_colors_info=&#8221;{}&#8221; button_text_size__hover_enabled=&#8221;off&#8221; button_one_text_size__hover_enabled=&#8221;off&#8221; button_two_text_size__hover_enabled=&#8221;off&#8221; button_text_color__hover_enabled=&#8221;off&#8221; button_one_text_color__hover_enabled=&#8221;off&#8221; button_two_text_color__hover_enabled=&#8221;off&#8221; button_border_width__hover_enabled=&#8221;off&#8221; button_one_border_width__hover_enabled=&#8221;off&#8221; button_two_border_width__hover_enabled=&#8221;off&#8221; button_border_color__hover_enabled=&#8221;off&#8221; button_one_border_color__hover_enabled=&#8221;off&#8221; button_two_border_color__hover_enabled=&#8221;off&#8221; button_border_radius__hover_enabled=&#8221;off&#8221; button_one_border_radius__hover_enabled=&#8221;off&#8221; button_two_border_radius__hover_enabled=&#8221;off&#8221; button_letter_spacing__hover_enabled=&#8221;off&#8221; button_one_letter_spacing__hover_enabled=&#8221;off&#8221; button_two_letter_spacing__hover_enabled=&#8221;off&#8221; button_bg_color__hover_enabled=&#8221;off&#8221; button_one_bg_color__hover_enabled=&#8221;off&#8221; button_two_bg_color__hover_enabled=&#8221;off&#8221;][\/et_pb_contact_field][\/et_pb_contact_form][\/et_pb_column][\/et_pb_row][\/et_pb_section][et_pb_section fb_built=&#8221;1&#8243; _builder_version=&#8221;4.27.0&#8243; _module_preset=&#8221;default&#8221; overflow-x=&#8221;hidden&#8221; overflow-y=&#8221;hidden&#8221; top_divider_color=&#8221;#f6c12c&#8221; top_divider_height=&#8221;239px&#8221; locked=&#8221;off&#8221; global_colors_info=&#8221;{}&#8221;][et_pb_row column_structure=&#8221;1_4,3_4&#8243; make_equal=&#8221;on&#8221; custom_padding_last_edited=&#8221;on|phone&#8221; _builder_version=&#8221;4.27.0&#8243; _module_preset=&#8221;default&#8221; width=&#8221;100%&#8221; max_width=&#8221;100%&#8221; custom_margin=&#8221;9px||||false|false&#8221; custom_padding=&#8221;|||5%|false|false&#8221; custom_padding_tablet=&#8221;|||5%|false|false&#8221; custom_padding_phone=&#8221;|||0%|false|false&#8221; custom_css_main_element=&#8221;margin: auto;||align-items: center;&#8221; global_colors_info=&#8221;{}&#8221;][et_pb_column type=&#8221;1_4&#8243; _builder_version=&#8221;4.27.0&#8243; _module_preset=&#8221;default&#8221; custom_padding=&#8221;|||||true&#8221; custom_padding_tablet=&#8221;|||||true&#8221; custom_padding_phone=&#8221;|25px||25px|false|true&#8221; custom_padding_last_edited=&#8221;on|phone&#8221; global_colors_info=&#8221;{}&#8221;][et_pb_text _builder_version=&#8221;4.27.0&#8243; _module_preset=&#8221;default&#8221; header_3_font=&#8221;Barlow Condensed|600|||||||&#8221; header_3_text_color=&#8221;gcid-84eda0f0-07e7-46d3-a25f-cd22660ca963&#8243; header_3_font_size=&#8221;50px&#8221; global_colors_info=&#8221;{%22gcid-84eda0f0-07e7-46d3-a25f-cd22660ca963%22:%91%22header_3_text_color%22%93}&#8221;]<\/p>\n<h3>PRODUCT<br \/>CATEGORIES<\/h3>\n<p>From overhead cranes to gantry cranes, from mobile systems to custom-made solutions, we offer powerful alternatives for every sector with our wide range of products.<\/p>\n<p>[\/et_pb_text][et_pb_button button_text=&#8221;T\u00dcM \u00dcR\u00dcNLER&#8221; _builder_version=&#8221;4.27.0&#8243; _module_preset=&#8221;default&#8221; custom_button=&#8221;on&#8221; button_text_color=&#8221;gcid-84eda0f0-07e7-46d3-a25f-cd22660ca963&#8243; button_border_width=&#8221;1px&#8221; button_border_color=&#8221;gcid-84eda0f0-07e7-46d3-a25f-cd22660ca963&#8243; button_border_radius=&#8221;0px&#8221; button_letter_spacing=&#8221;2px&#8221; button_font=&#8221;Barlow|300|||||||&#8221; animation_style=&#8221;slide&#8221; animation_direction=&#8221;left&#8221; animation_intensity_slide=&#8221;18%&#8221; locked=&#8221;off&#8221; global_colors_info=&#8221;{%22gcid-84eda0f0-07e7-46d3-a25f-cd22660ca963%22:%91%22button_text_color%22,%22button_border_color%22%93}&#8221;][\/et_pb_button][et_pb_text _builder_version=&#8221;4.27.0&#8243; _module_preset=&#8221;default&#8221; text_font=&#8221;Agency||||||||&#8221; text_text_color=&#8221;#FFFFFF&#8221; text_font_size=&#8221;1px&#8221; global_colors_info=&#8221;{}&#8221;]<\/p>\n<p>A<\/p>\n<p>[\/et_pb_text][\/et_pb_column][et_pb_column][et_pb_column type=\"3_4\u2033 _builder_version=\"4.27.0\u2033 _module_preset=\"default\" transform_scale_tablet=\"\" transform_scale_phone=\"\" transform_scale_last_edited=\"on|phone\" transform_translate=\"82px|0px\" transform_translate_tablet=\"82px|0px\" transform_translate_phone=\"0px|0px\" transform_translate_last_edited=\"on|phone\" transform_translate_linked=\"off\" transform_rotate_tablet=\"\" transform_rotate_phone=\"\" transform_rotate_last_edited=\"on|phone\" transform_skew_tablet=\"\" transform_skew_phone=\"\" transform_skew_last_edited=\"on|phone\" transform_origin_tablet=\"\" transform_origin_phone=\"\" transform_origin_last_edited=\"on|phone\" transform_styles_last_edited=\"on|phone\" transform_styles_tablet=\"\" transform_styles_phone=\"\" global_colors_info=\"{}\"][difl_contentcarousel item_desktop=\"4\u2033 dots=\"on\" equal_height=\"on\" image_order=\"8\u2033 title_order=\"2\u2033 df_title_bg_bgcolor=\"RGBA(255,255,255,0)\" arrow_color=\"#000000\u2033 arrow_position=\"bottom\" arrow_align=\"center\" large_active_dot=\"on\" active_dots_color=\"#6060\u2033 wrapper_padding=\"||||true|true\" wrapper_padding_tablet=\"||||true|true\" wrapper_padding_phone=\"|44px|44px|44px|true|true\" wrapper_padding_last_edited=\"on|phone\" item_wrapper_margin=\"||||false|false\" item_wrapper_padding=\"||||false|false\" image_wrapper_margin=\"||||false|false\" image_wrapper_padding=\"||7px||false|false\" image_wrapper_padding_tablet=\"||7px||false|false\" image_wrapper_padding_phone=\"||0px||false|false\" image_wrapper_padding_last_edited=\"on|phone\" image_margin=\"||-15px||false|false\" image_margin_tablet=\"||-15px||false|false\" image_margin_phone=\"||||false|false\" image_margin_last_edited=\"on|phone\" title_margin=\"34px||12px|29px|false|false\" item_spacing_tablet=\"\" item_spacing_phone=\"30px\" item_spacing_last_edited=\"on|phone\" admin_label=\"Advanced Carousel\" _builder_version=\"4.27.0\u2033 _module_preset=\"default\" cc_title_font=\"Barlow|600|||||||\" cc_title_text_color=\"#FFFFFF\" cc_title_letter_spacing=\"6px\" cc_title_line_height=\"1.2em\" background_enable_color=\"off\" background_image=\"https:\/\/aselkon.com.en\/wp-content\/uploads\/2025\/07\/Karoser-bga.webp\" height_last_edited=\"off|phone\" custom_margin=\"||||false|false\" custom_padding=\"||0px||false|false\" border_radii=\"on|22px|22px|22px|22px|22px\" global_colors_info=\"{}\" background__hover_enabled=\"on|desktop\" background_image__hover=\"https:\/\/aselkon.com.tr\/wp-content\/uploads\/2025\/07\/Karoser-bgaHvr.webp\" background_enable_image__hover=\"on\"][difl_contentcarouselitem title=\"VEHICLE Mounted LONG TYPE CRANES\" df_cci_image=\"https:\/\/aselkon.com.en\/wp-content\/uploads\/2025\/07\/long-krsa.webp\" cc_button_button_text=\"VIEW PRODUCTS\" cc_button_button_url_new_window=\"1\u2033 df_button_bg_bgcolor=\"RGBA(255,255,255,255,0)\" button_margin=\"||22px||false|false\" _builder_version=\"4.27.0\u2033 _module_preset=\"default\" button_font=\"-et_global_heading_font|100|||on||||\" button_text_color=\"#FFFFFF\" button_letter_spacing=\"1px\" background_color=\"RGBA(255,255,255,255,0)\" background_enable_color=\"on\" link_option_url=\"#\" global_colors_info=\"{}\" button_letter_spacing__hover_enabled=\"on|desktop\" button_letter_spacing__hover=\"3px\"][\/difl_contentcarouselitem][\/difl_contentcarouselitem][difl_contentcarouselitem title=\"CAR TOP SIDE FOLDING CRANES\" df_cci_image=\"https:\/\/aselkon.com.tr\/wp-content\/uploads\/2025\/07\/yana-katlanir-1.webp\" cc_button_button_text=\"VIEW PRODUCTS\" cc_button_button_url_new_window=\"1\u2033 df_button_bg_bgcolor=\"RGBA(255,255,255,255,0)\" button_margin=\"||22px|false|false\" _builder_version=\"4.27.0\u2033 _module_preset=\"default\" cc_title_letter_spacing=\"4px\" button_font=\"-et_global_heading_font|100|||on||||\" button_text_color=\"#FFFFFF\" button_letter_spacing=\"1px\" background_color=\"RGBA(255,255,255,255,0)\" background_enable_color=\"on\" link_option_url=\"#\" global_colors_info=\"{}\" button_letter_spacing__hover_enabled=\"on|desktop\" button_letter_spacing__hover=\"3px\"][\/difl_contentcarouselitem][\/difl_contentcarouselitem][difl_contentcarouselitem title=\"FULL FOLDING CRANES ON CAR\" df_cci_image=\"https:\/\/aselkon.com.tr\/wp-content\/uploads\/2025\/07\/Karoser-TK.webp\" cc_button_button_text=\"VIEW PRODUCTS\" cc_button_button_url_new_window=\"1\u2033 df_button_bg_bgcolor=\"RGBA(255,255,255,255,0)\" button_margin=\"||22px|false|false\" _builder_version=\"4.27.0\u2033 _module_preset=\"default\" cc_title_letter_spacing=\"4px\" button_font=\"-et_global_heading_font|100|||on||||\" button_text_color=\"#FFFFFF\" button_letter_spacing=\"1px\" background_color=\"RGBA(255,255,255,255,0)\" background_enable_color=\"on\" link_option_url=\"#\" global_colors_info=\"{}\" button_letter_spacing__hover_enabled=\"on|desktop\" button_letter_spacing__hover=\"3px\"][\/difl_contentcarouselitem][\/difl_contentcarouselitem][difl_contentcarouselitem title=\"SHIP CRANES\" df_cci_image=\"https:\/\/aselkon.com.tr\/wp-content\/uploads\/2025\/07\/gemi.webp\" cc_button_button_text=\"VIEW PRODUCTS\" cc_button_button_url_new_window=\"1\u2033 df_button_bg_bgcolor=\"RGBA(255,255,255,255,0)\" button_margin=\"||22px|false|false\" title_margin=\"||31px||false|false\" _builder_version=\"4.27.0\u2033 _module_preset=\"default\" cc_title_letter_spacing=\"4px\" button_font=\"-et_global_heading_font|100|||on||||\" button_text_color=\"#FFFFFF\" button_letter_spacing=\"1px\" background_color=\"RGBA(255,255,255,255,0)\" background_enable_color=\"on\" link_option_url=\"#\" global_colors_info=\"{}\" button_letter_spacing__hover_enabled=\"on|desktop\" button_letter_spacing__hover=\"3px\"][\/difl_contentcarouselitem][\/difl_contentcarousel][\/et_pb_column][\/et_pb_row][\/et_pb_section]<\/p>","protected":false},"excerpt":{"rendered":"<p>Get Offer Aselkon Crane Systems is here to offer you the most suitable crane solutions for your needs. Whatever your project, area of operation or special requirements, we can provide you with a fast and detailed offer.  444 77 42 We can choose the most suitable crane for you by contacting our expert team at 444 77 42. By filling out the form below, you can provide your crane type, capacity, area of use and special requests [...].<\/p>","protected":false},"author":1,"featured_media":0,"parent":0,"menu_order":0,"comment_status":"closed","ping_status":"closed","template":"","meta":{"_acf_changed":false,"_et_pb_use_builder":"on","_et_pb_old_content":"","_et_gb_content_width":"","footnotes":""},"difl_page_category":[],"class_list":["post-1165","page","type-page","status-publish","hentry"],"acf":[],"_links":{"self":[{"href":"https:\/\/aselkon.com.tr\/en\/wp-json\/wp\/v2\/pages\/1165","targetHints":{"allow":["GET"]}}],"collection":[{"href":"https:\/\/aselkon.com.tr\/en\/wp-json\/wp\/v2\/pages"}],"about":[{"href":"https:\/\/aselkon.com.tr\/en\/wp-json\/wp\/v2\/types\/page"}],"author":[{"embeddable":true,"href":"https:\/\/aselkon.com.tr\/en\/wp-json\/wp\/v2\/users\/1"}],"replies":[{"embeddable":true,"href":"https:\/\/aselkon.com.tr\/en\/wp-json\/wp\/v2\/comments?post=1165"}],"version-history":[{"count":9,"href":"https:\/\/aselkon.com.tr\/en\/wp-json\/wp\/v2\/pages\/1165\/revisions"}],"predecessor-version":[{"id":1790,"href":"https:\/\/aselkon.com.tr\/en\/wp-json\/wp\/v2\/pages\/1165\/revisions\/1790"}],"wp:attachment":[{"href":"https:\/\/aselkon.com.tr\/en\/wp-json\/wp\/v2\/media?parent=1165"}],"wp:term":[{"taxonomy":"difl_page_category","embeddable":true,"href":"https:\/\/aselkon.com.tr\/en\/wp-json\/wp\/v2\/difl_page_category?post=1165"}],"curies":[{"name":"wp","href":"https:\/\/api.w.org\/{rel}","templated":true}]}}