{"id":1187,"date":"2025-09-23T12:38:19","date_gmt":"2025-09-23T12:38:19","guid":{"rendered":"https:\/\/aselkon.com.tr\/?page_id=1187"},"modified":"2025-09-23T12:39:01","modified_gmt":"2025-09-23T12:39:01","slug":"kvk","status":"publish","type":"page","link":"https:\/\/aselkon.com.tr\/en\/kvk\/","title":{"rendered":"KVK"},"content":{"rendered":"<p>[et_pb_section fb_built=\"1\u2033 _builder_version=\"4.27.0\u2033 hover_enabled=\"0\u2033 global_colors_info=\"{}\" title_text=\"logo-parlks\" background_image=\"https:\/\/aselkon.com.tr\/wp-content\/uploads\/2025\/07\/logo-parlks-scaled.webp\" background_position=\"top_right\" background_size=\"contain\" sticky_enabled=\"0\u2033][et_pb_row _builder_version=\"4.16\u2033 background_size=\"initial\" background_position=\"top_left\" background_repeat=\"repeat\" global_colors_info=\"{}\"][et_pb_column type=\"4_4\u2033 _builder_version=\"4.16\u2033 custom_padding=\"|||\" global_colors_info=\"{}\" custom_padding__hover=\"|||\"][et_pb_text _builder_version=\"4.27.0\u2033 background_size=\"initial\" background_position=\"top_left\" background_repeat=\"repeat\" hover_enabled=\"0\u2033 global_colors_info=\"{}\" sticky_enabled=\"0\u2033]<\/p>\n<h3><strong>K.V.K.K.<\/strong><\/h3>\n<div class=\"text\">\n<p>PROTECTION OF PERSONAL DATA<br \/><strong>ASELKON<\/strong>, (\"<strong>ASELKON<\/strong>\u00a0or the Company\"), protecting the privacy of our customers, suppliers, lessees and lessors, especially protecting their fundamental rights and freedoms, protecting the privacy of their private lives, ensuring and protecting information security are among our prioritized principles and we would like to inform you about \"Protection of Personal Data\".\u00a0<strong>ASELKON<\/strong>\u00a0reserves the right to update this text at any time within the framework of changes that may be made in the legislation in force.<\/p>\n<p>Your personal data (name, surname, mobile phone numbers, e-mail addresses, date of birth, city of residence, address information, gender, marital status, shopping information, education level, interests, tastes and likes, image and sound recording, payment information) that you have shared with our Company within the scope of the Agreements signed as tenant and lessor will be stored, recorded and updated by our Company in accordance with the Law, In accordance with the manner permitted by the legislation, it may be transferred to third parties such as cargo companies with which we have a contractual relationship, banks for payment purposes with virtual POS, e-commerce sites, social networking sites (such as Google, YouTube, Facebook, Instagram, Career, Twitter, Linkedin), our suppliers, our Customer Communication and Satisfaction Program partners and legally authorized public institutions and organizations and may be processed in the ways listed in the Law.<\/p>\n<p>Processing of Your Personal Data:<\/p>\n<p>Pursuant to the Law, any operation performed on personal data, such as the acquisition, recording, storage, retention, alteration, reorganization, disclosure, transfer, acquisition, making available, classification or prevention of the use of personal data by fully or partially automatic means or by non-automatic means provided that it is part of any data recording system, is considered as \"processing of personal data\".<\/p>\n<p>Method of Collection of Your Personal Data:<br \/>Your personal data is stored in various ways, verbally, in writing or electronically through various channels such as our corporate websites, our mobile application or via e-mail, SMS or other means or the information you transmit to us during our business relations, during the signing of commercial contracts and \/ or during the commercial relationship process, technical communication files called \"cookies\" (small files that are placed on your hard drive) that allow our computers to automatically recognize you when you visit our website, physical forms.<\/p>\n<p>Your personal data are processed based on the explicit consent of our customers and the legal reasons specified in Article 5 of the Law No. 6698 on the Protection of Personal Data.<\/p>\n<p><strong>ASELKON<\/strong>In order to provide better service to its customers and within the framework of its legal obligation, it will collect, process, share with third parties and securely store your browsing information, provided that it is not used outside the purposes and scope specified in this text on the Protection of Personal Data.<\/p>\n<p>Purpose of Processing Your Personal Data:<br \/>Your personal data collected in accordance with the basic principles stipulated by the Law and within the personal data processing conditions and purposes specified in Articles 5 and 6 of the Law,\u00a0<strong>ASELKON<\/strong>\u00a0may be processed by the Company for the purposes set out below:<\/p>\n<p>To promote the goods and services offered by our company, to recognize members and increase communication, to increase image, to improve products, services and communication, data analysis, research, statistical study, understanding trends, use in marketing and advertising services<br \/>Carrying out the necessary work by our relevant business units for the realization of the commercial activities carried out by the company and carrying out the related business processes<br \/>Planning and execution of the company's commercial and\/or business strategies<br \/>Ensuring the legal, technical and commercial-business security of the company and the relevant persons who have a business relationship with the company<br \/>To record the address and other necessary information for communication, to organize all records and documents that will be the basis of the transaction in electronic (internet\/mobile etc.) or paper media,<br \/>To fulfill the obligations undertaken in accordance with the contracts we have concluded in accordance with the provisions of the relevant legislation, to fulfill our legal obligations and to exercise our rights arising from the legislation in force,<br \/>To be able to provide information to public officials on matters related to public security upon request and in accordance with the legislation,<br \/>To be used as evidence in disputes that may arise<br \/>Your personal data\u00a0<strong>ASELKON\u00a0<\/strong>detailed information on the purposes for which they are processed by the Company,\u00a0<strong>ASELKON<\/strong>\u00a0Personal Data Protection and Processing Policy.<\/p>\n<p>Transfer of Your Personal Data:<br \/>Your Personal Data is collected through different channels in order to carry out the Company's activities; based on legal reasons to ensure compliance with the legislation and Company policies. Your personal data collected, in accordance with the basic principles stipulated by the Law and within the personal data processing conditions and purposes specified in Articles 8 and 9 of the Law,\u00a0<strong>ASELKON<\/strong>\u00a0directly or indirectly to our domestic and foreign business partners, suppliers, social networking sites (such as Google, YouTube, Facebook, Instagram, Kariyer, Twitter, Linkedin) in line with the above-mentioned purposes\u00a0<strong>ASELKON<\/strong>\u00a0subsidiaries, legally authorized public institutions and organizations and legally authorized private law persons, community persons.<\/p>\n<p>Your Rights as a Data Subject:<br \/>As data controller in relation to the processing of your Personal Data\u00a0<strong>ASELKON<\/strong>In accordance with Article 11 of the Law No. 6698 on the Protection of Personal Data:<br \/>a. Learn whether your personal data is being processed,<br \/>b. Request information if your personal data has been processed,<br \/>c. To learn the purpose of processing your personal data and whether they are used in accordance with their purpose,<br \/>\u00e7. To know the third parties to whom your personal data is transferred domestically or abroad,<br \/>d. To request correction of your personal data in case of incomplete or incorrect processing,<br \/>e. To request the deletion or destruction of your personal data within the framework of the conditions stipulated in Article 7 of the Law,<br \/>f. To request notification of the transactions made pursuant to subparagraphs (d) and (e) above to third parties to whom your personal data have been transferred,<br \/>g. To object to the occurrence of a result to your detriment by analyzing the processed data exclusively through automated systems and<br \/>\u011f. To demand the compensation of the damage in case you suffer damage due to the processing of your personal data in violation of the Law,<\/p>\n<p>Your applications for your rights listed above\u00a0<strong>ASELKON<\/strong><strong>\u00a0<\/strong>By filling in the Data Subject Application Form in accordance with the instructions written therein, submit a signed copy of the form to\u00a0<strong>Fetih Mahallesi Adana Ring Road No: 113 Karatay - Konya \/ TURKEY<\/strong>\u00a0address in person with documents establishing your identity, send it through a notary public or other methods specified in the Law, or send the relevant form to\u00a0<strong>info@aselkon.com<\/strong>\u00a0address with secure electronic signature. Depending on the nature of your request, your applications will be finalized free of charge as soon as possible and within thirty days at the latest; however, in the event of an additional cost, the Company reserves the right to charge you a fee according to the tariff to be determined by the Personal Data Protection Board.<\/p>\n<p><strong>ASELKON<\/strong><\/p>\n<\/div>\n<p>[\/et_pb_text][\/et_pb_column][\/et_pb_row][\/et_pb_section]<\/p>","protected":false},"excerpt":{"rendered":"<p>PROTECTION OF PERSONAL DATAAs ASELKON, (referred to as \"ASELKON or the Company\"), protecting the privacy of our customers, suppliers, tenants and lessors, especially protecting their fundamental rights and freedoms, ensuring and protecting information security is among our priority principles; We wanted to inform you about \"Protection of Personal Data\". ASELKON always updates this text within the framework of changes that may be made in the legislation in force [...]<\/p>","protected":false},"author":1,"featured_media":0,"parent":0,"menu_order":0,"comment_status":"closed","ping_status":"closed","template":"","meta":{"_acf_changed":false,"_et_pb_use_builder":"on","_et_pb_old_content":"<h3>K.V.K.K<\/h3><div class=\"text\"><p>K\u0130\u015e\u0130SEL VER\u0130LER\u0130N KORUNMASI<br \/><strong>ASELKON<\/strong>, (\u201c<strong>ASELKON<\/strong>\u00a0veya \u015eirket\u201d olarak an\u0131lacakt\u0131r) olarak m\u00fc\u015fterilerimizin, tedarik\u00e7ilerimizin, kirac\u0131lar\u0131m\u0131z\u0131n ve kiraya verenlerimizin ba\u015fta temel hak ve \u00f6zg\u00fcrl\u00fcklerini korumak olmak \u00fczere \u00f6zel hayatlar\u0131na ili\u015fkin gizlili\u011fin korunmas\u0131, bilgi g\u00fcvenli\u011finin sa\u011flanmas\u0131 ve korunmas\u0131 \u00f6ncelikli prensiplerimiz aras\u0131nda yer almakta olup; \u201cKi\u015fisel Verilerin Korunmas\u0131\u201d hakk\u0131nda sizleri bilgilendirmek istedik.\u00a0<strong>ASELKON<\/strong>\u00a0i\u015fbu metni y\u00fcr\u00fcrl\u00fckteki mevzuatta yap\u0131labilecek de\u011fi\u015fiklikler \u00e7er\u00e7evesinde her zaman g\u00fcncelleme hakk\u0131n\u0131 sakl\u0131 tutar.<\/p><p>07.04.2016 tarihli 29677 say\u0131l\u0131 Resmi Gazete\u2019de yay\u0131mlanan 6698 say\u0131l\u0131 Ki\u015fisel Verilerin Korunmas\u0131 Kanunu (\u201cKanun\u201d olarak an\u0131lacakt\u0131r) kapsam\u0131nda; \u015eirketimiz ile gerek Tedarik\u00e7i \u0130li\u015fkisi gerek M\u00fc\u015fteri \u0130leti\u015fimi ve Memnuniyet Program\u0131 ve\/veya hayata ge\u00e7irilecek mikro uygulamalar ve mikro siteler \u00fcyeli\u011fi ile ma\u011fazalar\u0131m\u0131zda sunulan para transferi, \u00fcr\u00fcn finansman\u0131 vb. hizmetler, kirac\u0131 ve kiraya veren olarak imzalanan S\u00f6zle\u015fmeler kapsam\u0131nda payla\u015fm\u0131\u015f oldu\u011funuz ki\u015fisel verileriniz (isim, soyisim, cep telefon numaralar\u0131, e-mail adresleri, do\u011fum tarihi, ya\u015fad\u0131\u011f\u0131 \u015fehir, adres bilgileri, cinsiyet, medeni durumu, al\u0131\u015fveri\u015f bilgileri, e\u011fitim d\u00fczeyi, ilgi alanlar\u0131, zevk ve be\u011feniler, g\u00f6r\u00fcnt\u00fc ve ses kayd\u0131, \u00f6deme bilgileri ) \u015eirketimiz taraf\u0131ndan Kanun\u2019a uygun \u015fekilde saklanacak, kaydedilecek, g\u00fcncellenecek, mevzuat\u0131n izin verdi\u011fi \u015fekle uygun olarak s\u00f6zle\u015fme ili\u015fkisi i\u00e7erisinde oldu\u011fumuz kargo firmalar\u0131na, sanal POS ile \u00f6deme amac\u0131yla ilgili bankalara, e-ticaret sitelerine, sosyal payla\u015f\u0131m sitelerine (Google, YouTube, Facebook, Instagram, Kariyer, Twitter, Linkedin \u00a0gibi), tedarik\u00e7ilerimize, M\u00fc\u015fteri \u0130leti\u015fimi ve Memnuniyet Program\u0131 ortaklar\u0131m\u0131z ile kanunen yetkili kamu kurum ve kurulu\u015flar\u0131 gibi \u00fc\u00e7\u00fcnc\u00fc ki\u015filere aktar\u0131labilecek ve Kanun\u2019da say\u0131lan \u015fekillerde i\u015flenebilecektir.<\/p><p><br \/>Ki\u015fisel Verilerinizin \u0130\u015flenmesi:<\/p><p>Kanun uyar\u0131nca, ki\u015fisel verilerin tamamen veya k\u0131smen otomatik olan ya da herhangi bir veri kay\u0131t sisteminin par\u00e7as\u0131 olmak kayd\u0131yla otomatik olmayan yollarla elde edilmesi, kaydedilmesi, depolanmas\u0131, muhafaza edilmesi, de\u011fi\u015ftirilmesi, yeniden d\u00fczenlenmesi, a\u00e7\u0131klanmas\u0131, aktar\u0131lmas\u0131, devral\u0131nmas\u0131, elde edilebilir h\u00e2le getirilmesi, s\u0131n\u0131fland\u0131r\u0131lmas\u0131 ya da kullan\u0131lmas\u0131n\u0131n engellenmesi gibi veriler \u00fczerinde ger\u00e7ekle\u015ftirilen her t\u00fcrl\u00fc i\u015flem \u201cki\u015fisel verilerin i\u015flenmesi\u201d olarak kabul edilmektedir.<\/p><p>Ki\u015fisel Verilerinizin Toplanma Y\u00f6ntemi:<br \/>Ki\u015fisel verileriniz; kurumsal internet sitelerimiz, mobil uygulamam\u0131z kanal\u0131yla veya e-posta, SMS veya di\u011fer yollarla ya da i\u015f ili\u015fkilerimiz s\u0131ras\u0131nda, ticari s\u00f6zle\u015fmelerin imzalanmas\u0131 a\u015famas\u0131nda ve\/veya ticari ili\u015fki s\u00fcreci s\u00fcresi i\u00e7erisinde taraf\u0131m\u0131za iletti\u011finiz bilgiler, internet sitemizi ziyaret etti\u011finiz s\u0131rada bilgisayarlar\u0131m\u0131z\u0131n sizi otomatik olarak tan\u0131mas\u0131na yarayan ve \u201ccookies\u201d olarak adland\u0131r\u0131lan (sabit s\u00fcr\u00fcc\u00fcn\u00fcze yerle\u015fen k\u00fc\u00e7\u00fck dosyalar) teknik ileti\u015fim dosyalar\u0131, fiziksel formlar gibi \u00e7e\u015fitli kanallar arac\u0131l\u0131\u011f\u0131yla s\u00f6zl\u00fc, yaz\u0131l\u0131 veya elektronik ortamda olmak kayd\u0131yla \u00e7e\u015fitli y\u00f6ntemlerle depolanmaktad\u0131r.<\/p><p>Ki\u015fisel verileriniz, m\u00fc\u015fterilerimizim a\u00e7\u0131k r\u0131zalar\u0131 ve 6698 say\u0131l\u0131 Ki\u015fisel Verilerin Korunmas\u0131 Kanunu\u2019nun 5. Maddesinde belirtilen hukuki sebeplere dayan\u0131larak i\u015flenmektedir.<\/p><p><strong>ASELKON<\/strong>, m\u00fc\u015fterilerine daha iyi hizmet verebilmek amac\u0131yla ve yasal y\u00fck\u00fcml\u00fcl\u00fc\u011f\u00fc \u00e7er\u00e7evesinde, i\u015fbu Ki\u015fisel Verilerin Korunmas\u0131 Hakk\u0131nda metninde belirlenen ama\u00e7lar ve kapsam d\u0131\u015f\u0131nda kullan\u0131lmamak kayd\u0131 ile gezinme bilgilerinizi toplayacak, i\u015fleyecek, \u00fc\u00e7\u00fcnc\u00fc ki\u015filerle payla\u015facak ve g\u00fcvenli olarak saklayacakt\u0131r.<\/p><p><br \/>Ki\u015fisel Verilerinizin \u0130\u015flenme Amac\u0131:<br \/>Toplanan ki\u015fisel verileriniz, Kanun taraf\u0131ndan \u00f6ng\u00f6r\u00fclen temel ilkelere uygun olarak ve Kanun\u2019un 5. ve 6. maddelerinde belirtilen ki\u015fisel veri i\u015fleme \u015fartlar\u0131 ve ama\u00e7lar\u0131 dahilinde,\u00a0<strong>ASELKON<\/strong>\u00a0taraf\u0131ndan a\u015fa\u011f\u0131da yer alan ama\u00e7lar do\u011frultusunda i\u015flenebilecektir:<\/p><p>Firmam\u0131z taraf\u0131ndan sunulan mal ve hizmetleri tan\u0131tmak, \u00fcyeleri tan\u0131mak ve ileti\u015fimi artt\u0131rmak, imaj\u0131 artt\u0131rmak, \u00fcr\u00fcn, hizmet ve ileti\u015fimini geli\u015ftirmek, veri analizi, ara\u015ft\u0131rma, istatistiksel \u00e7al\u0131\u015fma, trendleri anlama, pazarlama ve reklam hizmetlerinde kullanmak<br \/>Firma taraf\u0131ndan y\u00fcr\u00fct\u00fclen ticari faaliyetlerin ger\u00e7ekle\u015ftirilmesi i\u00e7in ilgili i\u015f birimlerimiz taraf\u0131ndan gerekli \u00e7al\u0131\u015fmalar\u0131n yap\u0131lmas\u0131 ve buna ba\u011fl\u0131 i\u015f s\u00fcre\u00e7lerinin y\u00fcr\u00fct\u00fclmesi<br \/>Firman\u0131n ticari ve\/veya i\u015f stratejilerinin planlanmas\u0131 ve icras\u0131<br \/>Firman\u0131n ve firma ile i\u015f ili\u015fkisi i\u00e7erisinde olan ilgili ki\u015filerin hukuki, teknik ve ticari-i\u015f g\u00fcvenli\u011finin temini<br \/>\u0130leti\u015fim i\u00e7in adres ve di\u011fer gerekli bilgileri kaydetmek, elektronik (internet\/mobil vs.) veya k\u00e2\u011f\u0131t ortam\u0131nda i\u015fleme dayanak olacak t\u00fcm kay\u0131t ve belgeleri d\u00fczenlemek,<br \/>\u0130lgili mevzuat h\u00fck\u00fcmleri gere\u011fi akdetti\u011fimiz s\u00f6zle\u015fmeler uyar\u0131nca \u00fcstlenilen y\u00fck\u00fcml\u00fcl\u00fckleri ifa etmek, yasal y\u00fck\u00fcml\u00fcl\u00fcklerimizi yerine getirebilmek ve y\u00fcr\u00fcrl\u00fckteki mevzuattan do\u011fan haklar\u0131m\u0131z\u0131 kullanabilmek,<br \/>Kamu g\u00fcvenli\u011fine ili\u015fkin hususlarda talep halinde ve mevzuat gere\u011fi kamu g\u00f6revlilerine bilgi verebilmek,<br \/>Do\u011fabilecek uyu\u015fmazl\u0131klarda delil olarak kullan\u0131lmak<br \/>Ki\u015fisel verilerinizin\u00a0<strong>ASELKON\u00a0<\/strong>taraf\u0131ndan i\u015flenme ama\u00e7lar\u0131 konusunda detayl\u0131 bilgiler,\u00a0<strong>ASELKON<\/strong>\u00a0Ki\u015fisel Verilerin Korunmas\u0131 ve \u0130\u015flenmesi Politikas\u0131\u2019nda yer almaktad\u0131r.<\/p><p><br \/>Ki\u015fisel Verilerinizin Aktar\u0131m\u0131:<br \/>Ki\u015fisel Verileriniz, \u015eirket faaliyetlerini y\u00fcr\u00fctmek amac\u0131yla farkl\u0131 kanallarla; mevzuata ve \u015eirket politikalar\u0131na uyumun sa\u011flanmas\u0131 hukuki sebeplerine dayan\u0131larak toplanmaktad\u0131r. Toplanan ki\u015fisel verileriniz, Kanun taraf\u0131ndan \u00f6ng\u00f6r\u00fclen temel ilkelere uygun olarak ve Kanun\u2019un 8. ve 9. maddelerinde belirtilen ki\u015fisel veri i\u015fleme \u015fartlar\u0131 ve ama\u00e7lar\u0131 dahilinde,\u00a0<strong>ASELKON<\/strong>\u00a0taraf\u0131ndan yukar\u0131da yer alan ama\u00e7lar do\u011frultusunda do\u011frudan veya dolayl\u0131 olarak yurti\u00e7i ve yurtd\u0131\u015f\u0131ndaki i\u015f ortaklar\u0131m\u0131za, tedarik\u00e7ilerimize, sosyal payla\u015f\u0131m sitelerine (Google, YouTube, Facebook, Instagram, Kariyer, Twitter, Linkedin gibi)\u00a0<strong>ASELKON<\/strong>\u00a0i\u015ftiraklerine, kanunen yetkili kamu kurum ve kurulu\u015flar\u0131 ve kanunen yetkili \u00f6zel hukuk ki\u015fileri, topluluk ki\u015filerine aktar\u0131labilmektedir.<\/p><p><br \/>Veri Sahibi Olarak Haklar\u0131n\u0131z:<br \/>Ki\u015fisel Verilerinizin i\u015flenmesi ile ilgili olarak veri sorumlusu s\u0131fat\u0131yla\u00a0<strong>ASELKON<\/strong>\u2019ye ba\u015fvurarak 6698 say\u0131l\u0131 Ki\u015fisel Verilerin Korunmas\u0131 Kanunu\u2019nun 11. Maddesi uyar\u0131nca:<br \/>a. Ki\u015fisel verinizin i\u015flenip i\u015flenmedi\u011fini \u00f6\u011frenme,<br \/>b. Ki\u015fisel veriniz i\u015flenmi\u015fse buna ili\u015fkin bilgi talep etme,<br \/>c. Ki\u015fisel verilerinizin i\u015flenme amac\u0131n\u0131 ve bunlar\u0131n amac\u0131na uygun kullan\u0131l\u0131p kullan\u0131lmad\u0131\u011f\u0131n\u0131 \u00f6\u011frenme,<br \/>\u00e7. Yurt i\u00e7inde veya yurt d\u0131\u015f\u0131nda ki\u015fisel verilerinizin aktar\u0131ld\u0131\u011f\u0131 \u00fc\u00e7\u00fcnc\u00fc ki\u015fileri bilme,<br \/>d. Ki\u015fisel verilerinizin eksik veya yanl\u0131\u015f i\u015flenmi\u015f olmas\u0131 h\u00e2linde bunlar\u0131n d\u00fczeltilmesini isteme,<br \/>e. Kanun\u2019un 7. Maddesinde \u00f6ng\u00f6r\u00fclen \u015fartlar \u00e7er\u00e7evesinde ki\u015fisel verilerinizin silinmesini veya yok edilmesini isteme,<br \/>f. Yukar\u0131da yer alan (d) ve (e) bentleri uyar\u0131nca yap\u0131lan i\u015flemlerin, ki\u015fisel verilerinizin aktar\u0131ld\u0131\u011f\u0131 \u00fc\u00e7\u00fcnc\u00fc ki\u015filere bildirilmesini isteme,<br \/>g. \u0130\u015flenen verilerin m\u00fcnhas\u0131ran otomatik sistemler vas\u0131tas\u0131yla analiz edilmesi suretiyle taraf\u0131n\u0131z aleyhine bir sonucun ortaya \u00e7\u0131kmas\u0131na itiraz etme ve<br \/>\u011f. Ki\u015fisel verilerinizin Kanun\u2019a ayk\u0131r\u0131 olarak i\u015flenmesi sebebiyle zarara u\u011framan\u0131z h\u00e2linde zarar\u0131n giderilmesini talep etme,<\/p><p>Yukar\u0131da s\u0131ralanan haklar\u0131n\u0131za y\u00f6nelik ba\u015fvurular\u0131n\u0131z\u0131\u00a0<strong>ASELKON<\/strong><strong>\u00a0<\/strong>Veri Sahibi Ba\u015fvuru Formu\u2019nu yazan talimatlara uygun olarak doldurarak, formun imzal\u0131 bir n\u00fcshas\u0131n\u0131\u00a0<strong>Fetih Mahallesi Adana \u00c7evre Yolu No: 113 Karatay - Konya \/ T\u00dcRK\u0130YE<\/strong>\u00a0adresine kimli\u011finizi tespit edici belgeler ile bizzat elden iletebilir, noter kanal\u0131yla veya Kanun\u2019da belirtilen di\u011fer y\u00f6ntemler ile g\u00f6nderebilir veya ilgili formu\u00a0<strong>info@aselkon.com<\/strong>\u00a0adresine g\u00fcvenli elektronik imzal\u0131 olarak iletebilirsiniz. Talebinizin niteli\u011fine g\u00f6re en k\u0131sa s\u00fcrede ve en ge\u00e7 otuz g\u00fcn i\u00e7inde \u00fccretsiz olarak ba\u015fvurular\u0131n\u0131z sonu\u00e7land\u0131r\u0131lacakt\u0131r; ancak ayr\u0131ca bir maliyet do\u011fmas\u0131 halinde \u015eirket\u2019in Ki\u015fisel Verileri Koruma Kurulunca belirlenecek tarifeye g\u00f6re taraf\u0131n\u0131zdan \u00fccret talep edebilme hakk\u0131 sakl\u0131d\u0131r.<\/p><p><strong>ASELKON<\/strong><\/p><\/div>","_et_gb_content_width":"","footnotes":""},"difl_page_category":[],"class_list":["post-1187","page","type-page","status-publish","hentry"],"acf":[],"_links":{"self":[{"href":"https:\/\/aselkon.com.tr\/en\/wp-json\/wp\/v2\/pages\/1187","targetHints":{"allow":["GET"]}}],"collection":[{"href":"https:\/\/aselkon.com.tr\/en\/wp-json\/wp\/v2\/pages"}],"about":[{"href":"https:\/\/aselkon.com.tr\/en\/wp-json\/wp\/v2\/types\/page"}],"author":[{"embeddable":true,"href":"https:\/\/aselkon.com.tr\/en\/wp-json\/wp\/v2\/users\/1"}],"replies":[{"embeddable":true,"href":"https:\/\/aselkon.com.tr\/en\/wp-json\/wp\/v2\/comments?post=1187"}],"version-history":[{"count":4,"href":"https:\/\/aselkon.com.tr\/en\/wp-json\/wp\/v2\/pages\/1187\/revisions"}],"predecessor-version":[{"id":1193,"href":"https:\/\/aselkon.com.tr\/en\/wp-json\/wp\/v2\/pages\/1187\/revisions\/1193"}],"wp:attachment":[{"href":"https:\/\/aselkon.com.tr\/en\/wp-json\/wp\/v2\/media?parent=1187"}],"wp:term":[{"taxonomy":"difl_page_category","embeddable":true,"href":"https:\/\/aselkon.com.tr\/en\/wp-json\/wp\/v2\/difl_page_category?post=1187"}],"curies":[{"name":"wp","href":"https:\/\/api.w.org\/{rel}","templated":true}]}}