{"id":903,"date":"2025-09-09T08:47:47","date_gmt":"2025-09-09T08:47:47","guid":{"rendered":"https:\/\/aselkon.com.tr\/?post_type=product&#038;p=903"},"modified":"2026-03-18T08:34:39","modified_gmt":"2026-03-18T08:34:39","slug":"ask-30-yk","status":"publish","type":"product","link":"https:\/\/aselkon.com.tr\/en\/product\/ask-30-yk\/","title":{"rendered":"ASK 30 YK"},"content":{"rendered":"<table width=\"597\">\n<tbody>\n<tr>\n<td width=\"533\"><strong>ASK 30 YK<\/strong><\/td>\n<td width=\"64\"><strong>YK6<\/strong><\/td>\n<\/tr>\n<tr>\n<td>Maximum Hydraulic Horizontal Outreach<\/td>\n<td>15,04<\/td>\n<\/tr>\n<tr>\n<td>Maximum Mechanical Horizontal Outreach<\/td>\n<td>19,62<\/td>\n<\/tr>\n<tr>\n<td>Maximum Hydraulic Vertical Outreach<\/td>\n<td>18,26<\/td>\n<\/tr>\n<tr>\n<td>Maximum Mechanical Vertical Outreach<\/td>\n<td>22,82<\/td>\n<\/tr>\n<tr>\n<td>Number Of Hydraulic Booms<\/td>\n<td>6<\/td>\n<\/tr>\n<tr>\n<td>Number of Mechanical Booms<\/td>\n<td>2<\/td>\n<\/tr>\n<tr>\n<td>Working Pressure ( bar )<\/td>\n<td>280<\/td>\n<\/tr>\n<tr>\n<td>Slewing Angle ( \u00b0 )<\/td>\n<td>Endless\/Endless<\/td>\n<\/tr>\n<tr>\n<td>Oil Tank Capacity<\/td>\n<td>200<\/td>\n<\/tr>\n<tr>\n<td>Standard Crane Weight (\u00b1%3)<\/td>\n<td>7500-8500<\/td>\n<\/tr>\n<\/tbody>\n<\/table>","protected":false},"excerpt":{"rendered":"<p>ASK 30 YK YK6 Maksimum Hidrolik Yatay Uzanma 15,04 Maksimum Mekanik Yatay Uzanma 19,62 Maksimum Hidrolik Dikey Uzanma 18,26 Maksimum Mekanik Dikey Uzanma 22,82 Hidrolik Bom Say\u0131s\u0131 6 Mekanik Bom Say\u0131s\u0131 2 \u00c7al\u0131\u015fma Bas\u0131nc\u0131 ( bar ) 280 D\u00f6nme A\u00e7\u0131s\u0131 ( \u00b0 ) Sonsuz\/Endless Ya\u011f Tank\u0131 Kapasitesi 200 Standart Vin\u00e7 A\u011f\u0131rl\u0131\u011f\u0131 (\u00b1%3) 7500-8500<\/p>","protected":false},"featured_media":2015,"comment_status":"open","ping_status":"closed","template":"","meta":{"_acf_changed":false,"_et_pb_use_builder":"","_et_pb_old_content":"","_et_gb_content_width":""},"product_brand":[],"product_cat":[21],"product_tag":[],"class_list":{"0":"post-903","1":"product","2":"type-product","3":"status-publish","4":"has-post-thumbnail","6":"product_cat-arac-ustu-yana-katlanir-vincler","8":"first","9":"instock","10":"shipping-taxable","11":"product-type-simple"},"acf":[],"_links":{"self":[{"href":"https:\/\/aselkon.com.tr\/en\/wp-json\/wp\/v2\/product\/903","targetHints":{"allow":["GET"]}}],"collection":[{"href":"https:\/\/aselkon.com.tr\/en\/wp-json\/wp\/v2\/product"}],"about":[{"href":"https:\/\/aselkon.com.tr\/en\/wp-json\/wp\/v2\/types\/product"}],"replies":[{"embeddable":true,"href":"https:\/\/aselkon.com.tr\/en\/wp-json\/wp\/v2\/comments?post=903"}],"wp:featuredmedia":[{"embeddable":true,"href":"https:\/\/aselkon.com.tr\/en\/wp-json\/wp\/v2\/media\/2015"}],"wp:attachment":[{"href":"https:\/\/aselkon.com.tr\/en\/wp-json\/wp\/v2\/media?parent=903"}],"wp:term":[{"taxonomy":"product_brand","embeddable":true,"href":"https:\/\/aselkon.com.tr\/en\/wp-json\/wp\/v2\/product_brand?post=903"},{"taxonomy":"product_cat","embeddable":true,"href":"https:\/\/aselkon.com.tr\/en\/wp-json\/wp\/v2\/product_cat?post=903"},{"taxonomy":"product_tag","embeddable":true,"href":"https:\/\/aselkon.com.tr\/en\/wp-json\/wp\/v2\/product_tag?post=903"}],"curies":[{"name":"wp","href":"https:\/\/api.w.org\/{rel}","templated":true}]}}