{"id":932,"date":"2025-09-09T13:02:40","date_gmt":"2025-09-09T13:02:40","guid":{"rendered":"https:\/\/aselkon.com.tr\/?post_type=product&#038;p=932"},"modified":"2026-03-18T07:54:40","modified_gmt":"2026-03-18T07:54:40","slug":"ask-105-yk","status":"publish","type":"product","link":"https:\/\/aselkon.com.tr\/en\/product\/ask-105-yk\/","title":{"rendered":"ASK 105 YK"},"content":{"rendered":"<table width=\"661\">\n<tbody>\n<tr>\n<td width=\"533\"><strong>ASK 105 YK<\/strong><\/td>\n<td width=\"64\"><strong>YK6<\/strong><\/td>\n<td width=\"64\"><strong>YK6+4<\/strong><\/td>\n<\/tr>\n<tr>\n<td>Maximum Hydraulic Horizontal Outreach<\/td>\n<td>16,73<\/td>\n<td>29,77<\/td>\n<\/tr>\n<tr>\n<td>Maximum Mechanical Horizontal Outreach<\/td>\n<td>21,9<\/td>\n<td>35,09<\/td>\n<\/tr>\n<tr>\n<td>Maximum Hydraulic Vertical Outreach<\/td>\n<td>20,28<\/td>\n<td>33,26<\/td>\n<\/tr>\n<tr>\n<td>Maximum Mechanical Vertical Outreach<\/td>\n<td>25,37<\/td>\n<td>38,56<\/td>\n<\/tr>\n<tr>\n<td>Number Of Hydraulic Booms<\/td>\n<td>6<\/td>\n<td>6+4<\/td>\n<\/tr>\n<tr>\n<td>Number of Mechanical Booms<\/td>\n<td>2<\/td>\n<td>2<\/td>\n<\/tr>\n<tr>\n<td>Working Pressure ( bar )<\/td>\n<td>290<\/td>\n<td>290<\/td>\n<\/tr>\n<tr>\n<td>Slewing Angle ( \u00b0 )<\/td>\n<td>Endless\/Endless<\/td>\n<td>Endless\/Endless<\/td>\n<\/tr>\n<tr>\n<td>Oil Tank Capacity<\/td>\n<td>300<\/td>\n<td>300<\/td>\n<\/tr>\n<tr>\n<td>Standard Crane Weight (\u00b1%3)<\/td>\n<td>15500-16000<\/td>\n<td>18000-18500<\/td>\n<\/tr>\n<\/tbody>\n<\/table>","protected":false},"excerpt":{"rendered":"<p>ASK 105 YK YK6 YK6+4 Maksimum Hidrolik Yatay Uzanma 16,73 29,77 Maksimum Mekanik Yatay Uzanma 21,9 35,09 Maksimum Hidrolik Dikey Uzanma 20,28 33,26 Maksimum Mekanik Dikey Uzanma 25,37 38,56 Hidrolik Bom Say\u0131s\u0131 6 6+4 Mekanik Bom Say\u0131s\u0131 2 2 \u00c7al\u0131\u015fma Bas\u0131nc\u0131 ( bar ) 290 290 D\u00f6nme A\u00e7\u0131s\u0131 ( \u00b0 ) Sonsuz\/Endless Sonsuz\/Endless Ya\u011f Tank\u0131 [&hellip;]<\/p>","protected":false},"featured_media":2013,"comment_status":"open","ping_status":"closed","template":"","meta":{"_acf_changed":false,"_et_pb_use_builder":"","_et_pb_old_content":"","_et_gb_content_width":""},"product_brand":[],"product_cat":[21],"product_tag":[],"class_list":{"0":"post-932","1":"product","2":"type-product","3":"status-publish","4":"has-post-thumbnail","6":"product_cat-arac-ustu-yana-katlanir-vincler","8":"first","9":"instock","10":"shipping-taxable","11":"product-type-simple"},"acf":[],"_links":{"self":[{"href":"https:\/\/aselkon.com.tr\/en\/wp-json\/wp\/v2\/product\/932","targetHints":{"allow":["GET"]}}],"collection":[{"href":"https:\/\/aselkon.com.tr\/en\/wp-json\/wp\/v2\/product"}],"about":[{"href":"https:\/\/aselkon.com.tr\/en\/wp-json\/wp\/v2\/types\/product"}],"replies":[{"embeddable":true,"href":"https:\/\/aselkon.com.tr\/en\/wp-json\/wp\/v2\/comments?post=932"}],"wp:featuredmedia":[{"embeddable":true,"href":"https:\/\/aselkon.com.tr\/en\/wp-json\/wp\/v2\/media\/2013"}],"wp:attachment":[{"href":"https:\/\/aselkon.com.tr\/en\/wp-json\/wp\/v2\/media?parent=932"}],"wp:term":[{"taxonomy":"product_brand","embeddable":true,"href":"https:\/\/aselkon.com.tr\/en\/wp-json\/wp\/v2\/product_brand?post=932"},{"taxonomy":"product_cat","embeddable":true,"href":"https:\/\/aselkon.com.tr\/en\/wp-json\/wp\/v2\/product_cat?post=932"},{"taxonomy":"product_tag","embeddable":true,"href":"https:\/\/aselkon.com.tr\/en\/wp-json\/wp\/v2\/product_tag?post=932"}],"curies":[{"name":"wp","href":"https:\/\/api.w.org\/{rel}","templated":true}]}}