{"id":1705,"date":"2025-11-28T10:59:00","date_gmt":"2025-11-28T10:59:00","guid":{"rendered":"https:\/\/aselkon.com.tr\/?page_id=1705"},"modified":"2026-02-12T11:39:41","modified_gmt":"2026-02-12T11:39:41","slug":"kataloglar","status":"publish","type":"page","link":"https:\/\/aselkon.com.tr\/ru\/%d0%ba%d0%b0%d1%82%d0%b0%d0%bb%d0%be%d0%b3%d0%b8\/","title":{"rendered":"\u041a\u0430\u0442\u0430\u043b\u043e\u0433\u0438"},"content":{"rendered":"<p>[et_pb_section fb_built=&#8221;1&#8243; custom_padding_last_edited=&#8221;on|phone&#8221; admin_label=&#8221;B\u00f6l\u00fcm&#8221; _builder_version=&#8221;4.27.4&#8243; _module_preset=&#8221;default&#8221; background_color=&#8221;#E6E6E6&#8243; background_image=&#8221;https:\/\/aselkon.com.tr\/wp-content\/uploads\/2025\/07\/logo-parlks-scaled.webp&#8221; background_blend=&#8221;multiply&#8221; min_height=&#8221;90vh&#8221; custom_padding_tablet=&#8221;&#8221; custom_padding_phone=&#8221;117px||||false|false&#8221; background_color_phone=&#8221;gcid-84eda0f0-07e7-46d3-a25f-cd22660ca963&#8243; background_last_edited=&#8221;on|phone&#8221; background_enable_color_phone=&#8221;on&#8221; use_background_color_gradient_phone=&#8221;on&#8221; background_color_gradient_stops_phone=&#8221;rgba(0,0,0,0.73) 1%|rgba(0,0,0,0.01) 76%&#8221; background_size_phone=&#8221;cover&#8221; background_position_phone=&#8221;top_center&#8221; global_colors_info=&#8221;{%22gcid-84eda0f0-07e7-46d3-a25f-cd22660ca963%22:%91%22background_color_gradient_stops%22%93}&#8221;][et_pb_row column_structure=&#8221;1_3,1_3,1_3&#8243; _builder_version=&#8221;4.27.4&#8243; _module_preset=&#8221;default&#8221; global_colors_info=&#8221;{}&#8221;][et_pb_column type=&#8221;1_3&#8243; _builder_version=&#8221;4.27.4&#8243; _module_preset=&#8221;default&#8221; global_colors_info=&#8221;{}&#8221;][difl_advanced_blurb title=&#8221;2026 \u00dcr\u00fcn Katalo\u011fu&#8221; button_text=&#8221;Katalo\u011fu indir&#8221; button_url=&#8221;@ET-DC@eyJkeW5hbWljIjp0cnVlLCJjb250ZW50IjoicG9zdF9saW5rX3VybF9hdHRhY2htZW50Iiwic2V0dGluZ3MiOnsicG9zdF9pZCI6IjE3MTIifX0=@&#8221; button_url_new_window=&#8221;on&#8221; use_button_icon=&#8221;on&#8221; button_font_icon=&#8221;&#xf56d;||fa||900&#8243; button_icon_placement=&#8221;left&#8221; image=&#8221;https:\/\/aselkon.com.tr\/wp-content\/uploads\/2025\/11\/katalog-mockup.jpg&#8221; blurb_img_margin=&#8221;||22px||false|false&#8221; button_wrapper_margin=&#8221;||||true|false&#8221; button_wrapper_padding=&#8221;20px||20px|0px|true|false&#8221; button_padding=&#8221;10px|9px|10px|9px|true|true&#8221; button_icon_margin=&#8221;|8px||0px|false|false&#8221; _builder_version=&#8221;4.27.5&#8243; _dynamic_attributes=&#8221;button_url&#8221; _module_preset=&#8221;default&#8221; title_font=&#8221;Inter|600|||||||&#8221; sub_title_font_size=&#8221;16px&#8221; button_text_text_color=&#8221;gcid-ea952676-48ac-4e7f-af10-1f0bb8c3be18&#8243; background_color=&#8221;#FFFFFF&#8221; custom_padding=&#8221;20px|20px|20px|20px|true|false&#8221; hover_enabled=&#8221;0&#8243; border_width_all_button_border=&#8221;1px&#8221; border_color_all_button_border=&#8221;gcid-82817585-d7f2-4536-804e-5c1f8ced27db&#8221; global_colors_info=&#8221;{%22gcid-82817585-d7f2-4536-804e-5c1f8ced27db%22:%91%22border_color_all_button_border%22%93,%22gcid-ea952676-48ac-4e7f-af10-1f0bb8c3be18%22:%91%22button_text_text_color%22%93}&#8221; button_background_bgcolor__hover_enabled=&#8221;on|desktop&#8221; button_background_bgcolor__hover=&#8221;#000000&#8243; sticky_enabled=&#8221;0&#8243;][\/difl_advanced_blurb][\/et_pb_column][et_pb_column type=&#8221;1_3&#8243; _builder_version=&#8221;4.27.4&#8243; _module_preset=&#8221;default&#8221; global_colors_info=&#8221;{}&#8221;][difl_advanced_blurb title=&#8221;Gemi Vin\u00e7leri Serisi&#8221; button_text=&#8221;Katalo\u011fu indir&#8221; button_url=&#8221;@ET-DC@eyJkeW5hbWljIjp0cnVlLCJjb250ZW50IjoicG9zdF9saW5rX3VybF9hdHRhY2htZW50Iiwic2V0dGluZ3MiOnsicG9zdF9pZCI6IjE3MTEifX0=@&#8221; button_url_new_window=&#8221;on&#8221; use_button_icon=&#8221;on&#8221; button_font_icon=&#8221;&#xf56d;||fa||900&#8243; button_icon_placement=&#8221;left&#8221; image=&#8221;https:\/\/aselkon.com.tr\/wp-content\/uploads\/2025\/11\/gemi-mock-up.jpg&#8221; blurb_img_margin=&#8221;||22px||false|false&#8221; button_wrapper_margin=&#8221;||||true|false&#8221; button_wrapper_padding=&#8221;20px||20px|0px|true|false&#8221; button_padding=&#8221;10px|9px|10px|9px|true|true&#8221; button_icon_margin=&#8221;|8px||0px|false|false&#8221; _builder_version=&#8221;4.27.4&#8243; _dynamic_attributes=&#8221;button_url&#8221; _module_preset=&#8221;default&#8221; title_font=&#8221;Inter|600|||||||&#8221; sub_title_font_size=&#8221;16px&#8221; button_text_text_color=&#8221;gcid-ea952676-48ac-4e7f-af10-1f0bb8c3be18&#8243; background_color=&#8221;#FFFFFF&#8221; custom_padding=&#8221;20px|20px|20px|20px|true|false&#8221; border_width_all_button_border=&#8221;1px&#8221; border_color_all_button_border=&#8221;gcid-82817585-d7f2-4536-804e-5c1f8ced27db&#8221; global_colors_info=&#8221;{%22gcid-82817585-d7f2-4536-804e-5c1f8ced27db%22:%91%22border_color_all_button_border%22%93,%22gcid-ea952676-48ac-4e7f-af10-1f0bb8c3be18%22:%91%22button_text_text_color%22%93}&#8221; button_background_bgcolor__hover_enabled=&#8221;on|desktop&#8221; button_background_bgcolor__hover=&#8221;#000000&#8243;][\/difl_advanced_blurb][\/et_pb_column][et_pb_column type=&#8221;1_3&#8243; _builder_version=&#8221;4.27.4&#8243; _module_preset=&#8221;default&#8221; global_colors_info=&#8221;{}&#8221;][\/et_pb_column][\/et_pb_row][\/et_pb_section]<\/p>","protected":false},"excerpt":{"rendered":"<p><div class=\"et_pb_with_border et_pb_module difl_advanced_blurb difl_advanced_blurb_0\">\n\t\t\t\t\n\t\t\t\t\n\t\t\t\t\n\t\t\t\t\n\t\t\t\t\n\t\t\t\t\n\t\t\t\t<div class=\"et_pb_module_inner\">\n\t\t\t\t\t<div class=\"df_ab_blurb_container\"> <div class=\"df_ab_blurb_content_container\"><div class=\"df_ab_blurb_image image placement_image_flex_top\"><img decoding=\"async\" class=\"df_ab_blurb_image_img\" src=\"https:\/\/aselkon.com.tr\/wp-content\/uploads\/2025\/11\/katalog-mockup.jpg\" alt=\"\" \/><\/div> <h3  class=\"df_ab_blurb_title\">\u041a\u0430\u0442\u0430\u043b\u043e\u0433 \u043f\u0440\u043e\u0434\u0443\u043a\u0446\u0438\u0438 2026 \u0433\u043e\u0434\u0430<\/h3>   <div class=\"df_ab_blurb_button_wrapper\">\r\n                                <a href=\"\" target=\"_blank\" class=\"df_ab_blurb_button\" data-icon=\"5\"><span class=\"et-pb-icon df-blurb-button-icon\">\uf56d<\/span> <span>\u0421\u043a\u0430\u0447\u0430\u0442\u044c \u043a\u0430\u0442\u0430\u043b\u043e\u0433<\/span> <\/a>\r\n                            <\/div> <\/div><\/div>\n\t\t\t\t<\/div>\n\t\t\t<\/div><div class=\"et_pb_module difl_advanced_blurb difl_advanced_blurb_1\">\n\t\t\t\t\n\t\t\t\t\n\t\t\t\t\n\t\t\t\t\n\t\t\t\t\n\t\t\t\t\n\t\t\t\t<div class=\"et_pb_module_inner\">\n\t\t\t\t\t<div class=\"df_ab_blurb_container\"> <div class=\"df_ab_blurb_content_container\"><div class=\"df_ab_blurb_image image placement_image_flex_top\"><img decoding=\"async\" class=\"df_ab_blurb_image_img\" src=\"&#8221;https:\/\/aselkon.com.tr\/wp-content\/uploads\/2025\/11\/gemi-mock-up.jpg&#8221;\" alt=\"\" \/><\/div> <h3  class=\"df_ab_blurb_title\">\"\u041a\u043e\u0440\u0430\u0431\u043b\u044c<\/h3>   <div class=\"df_ab_blurb_button_wrapper\">\r\n                                <a href=\"http:\/\/&#8221;&#8221;\"  class=\"df_ab_blurb_button\" data-icon=\"5\"> <span>\"\u041a\u0430\u0442\u0430\u043b\u043e\u0433<\/span> <\/a>\r\n                            <\/div> <\/div><\/div>\n\t\t\t\t<\/div>\n\t\t\t<\/div><\/p>","protected":false},"author":1,"featured_media":0,"parent":0,"menu_order":0,"comment_status":"closed","ping_status":"closed","template":"","meta":{"_acf_changed":false,"_et_pb_use_builder":"on","_et_pb_old_content":"","_et_gb_content_width":"","footnotes":""},"difl_page_category":[],"class_list":["post-1705","page","type-page","status-publish","hentry"],"acf":[],"_links":{"self":[{"href":"https:\/\/aselkon.com.tr\/ru\/wp-json\/wp\/v2\/pages\/1705","targetHints":{"allow":["GET"]}}],"collection":[{"href":"https:\/\/aselkon.com.tr\/ru\/wp-json\/wp\/v2\/pages"}],"about":[{"href":"https:\/\/aselkon.com.tr\/ru\/wp-json\/wp\/v2\/types\/page"}],"author":[{"embeddable":true,"href":"https:\/\/aselkon.com.tr\/ru\/wp-json\/wp\/v2\/users\/1"}],"replies":[{"embeddable":true,"href":"https:\/\/aselkon.com.tr\/ru\/wp-json\/wp\/v2\/comments?post=1705"}],"version-history":[{"count":8,"href":"https:\/\/aselkon.com.tr\/ru\/wp-json\/wp\/v2\/pages\/1705\/revisions"}],"predecessor-version":[{"id":1908,"href":"https:\/\/aselkon.com.tr\/ru\/wp-json\/wp\/v2\/pages\/1705\/revisions\/1908"}],"wp:attachment":[{"href":"https:\/\/aselkon.com.tr\/ru\/wp-json\/wp\/v2\/media?parent=1705"}],"wp:term":[{"taxonomy":"difl_page_category","embeddable":true,"href":"https:\/\/aselkon.com.tr\/ru\/wp-json\/wp\/v2\/difl_page_category?post=1705"}],"curies":[{"name":"wp","href":"https:\/\/api.w.org\/{rel}","templated":true}]}}