{"id":932,"date":"2025-09-09T13:02:40","date_gmt":"2025-09-09T13:02:40","guid":{"rendered":"https:\/\/aselkon.com.tr\/?post_type=product&#038;p=932"},"modified":"2026-03-18T07:54:40","modified_gmt":"2026-03-18T07:54:40","slug":"ask-105-yk","status":"publish","type":"product","link":"https:\/\/aselkon.com.tr\/ru\/product\/%d1%81%d0%bf%d1%80%d0%be%d1%81%d0%b8%d1%82%d1%8c-105-%d0%b8%d0%ba\/","title":{"rendered":"ASK 105 YK"},"content":{"rendered":"<table width=\"661\">\n<tbody>\n<tr>\n<td width=\"533\"><strong>ASK 105 YK<\/strong><\/td>\n<td width=\"64\"><strong>YK6<\/strong><\/td>\n<td width=\"64\"><strong>YK6+4<\/strong><\/td>\n<\/tr>\n<tr>\n<td>\u041c\u0430\u043a\u0441\u0438\u043c\u0430\u043b\u044c\u043d\u044b\u0439 \u0433\u0438\u0434\u0440\u0430\u0432\u043b\u0438\u0447\u0435\u0441\u043a\u0438\u0439 \u0433\u043e\u0440\u0438\u0437\u043e\u043d\u0442\u0430\u043b\u044c\u043d\u044b\u0439 \u0432\u044b\u043b\u0435\u0442<\/td>\n<td>16,73<\/td>\n<td>29,77<\/td>\n<\/tr>\n<tr>\n<td>\u041c\u0430\u043a\u0441\u0438\u043c\u0430\u043b\u044c\u043d\u044b\u0439 \u043c\u0435\u0445\u0430\u043d\u0438\u0447\u0435\u0441\u043a\u0438\u0439 \u0433\u043e\u0440\u0438\u0437\u043e\u043d\u0442\u0430\u043b\u044c\u043d\u044b\u0439 \u0432\u044b\u043b\u0435\u0442<\/td>\n<td>21,9<\/td>\n<td>35,09<\/td>\n<\/tr>\n<tr>\n<td>\u041c\u0430\u043a\u0441\u0438\u043c\u0430\u043b\u044c\u043d\u044b\u0439 \u0433\u0438\u0434\u0440\u0430\u0432\u043b\u0438\u0447\u0435\u0441\u043a\u0438\u0439 \u0432\u0435\u0440\u0442\u0438\u043a\u0430\u043b\u044c\u043d\u044b\u0439 \u0432\u044b\u043b\u0435\u0442<\/td>\n<td>20,28<\/td>\n<td>33,26<\/td>\n<\/tr>\n<tr>\n<td>\u041c\u0430\u043a\u0441\u0438\u043c\u0430\u043b\u044c\u043d\u044b\u0439 \u043c\u0435\u0445\u0430\u043d\u0438\u0447\u0435\u0441\u043a\u0438\u0439 \u0432\u0435\u0440\u0442\u0438\u043a\u0430\u043b\u044c\u043d\u044b\u0439 \u0432\u044b\u043b\u0435\u0442<\/td>\n<td>25,37<\/td>\n<td>38,56<\/td>\n<\/tr>\n<tr>\n<td>\u041a\u043e\u043b\u0438\u0447\u0435\u0441\u0442\u0432\u043e \u0433\u0438\u0434\u0440\u0430\u0432\u043b\u0438\u0447\u0435\u0441\u043a\u0438\u0445 \u0448\u0442\u0430\u043d\u0433<\/td>\n<td>6<\/td>\n<td>6+4<\/td>\n<\/tr>\n<tr>\n<td>\u041a\u043e\u043b\u0438\u0447\u0435\u0441\u0442\u0432\u043e \u043c\u0435\u0445\u0430\u043d\u0438\u0447\u0435\u0441\u043a\u0438\u0445 \u0448\u0442\u0430\u043d\u0433<\/td>\n<td>2<\/td>\n<td>2<\/td>\n<\/tr>\n<tr>\n<td>\u0420\u0430\u0431\u043e\u0447\u0435\u0435 \u0434\u0430\u0432\u043b\u0435\u043d\u0438\u0435 (\u0431\u0430\u0440)<\/td>\n<td>290<\/td>\n<td>290<\/td>\n<\/tr>\n<tr>\n<td>\u0423\u0433\u043e\u043b \u043f\u043e\u0432\u043e\u0440\u043e\u0442\u0430 ( \u00b0 )<\/td>\n<td>\u0411\u0435\u0441\u043a\u043e\u043d\u0435\u0447\u043d\u044b\u0439\/\u0431\u0435\u0441\u043a\u043e\u043d\u0435\u0447\u043d\u0430\u044f<\/td>\n<td>\u0411\u0435\u0441\u043a\u043e\u043d\u0435\u0447\u043d\u044b\u0439\/\u0431\u0435\u0441\u043a\u043e\u043d\u0435\u0447\u043d\u0430\u044f<\/td>\n<\/tr>\n<tr>\n<td>\u0415\u043c\u043a\u043e\u0441\u0442\u044c \u043c\u0430\u0441\u043b\u044f\u043d\u043e\u0433\u043e \u0431\u0430\u043a\u0430<\/td>\n<td>300<\/td>\n<td>300<\/td>\n<\/tr>\n<tr>\n<td>\u0421\u0442\u0430\u043d\u0434\u0430\u0440\u0442\u043d\u044b\u0439 \u0432\u0435\u0441 \u043a\u0440\u0430\u043d\u0430 (\u00b1%3)<\/td>\n<td>15500-16000<\/td>\n<td>18000-18500<\/td>\n<\/tr>\n<\/tbody>\n<\/table>","protected":false},"excerpt":{"rendered":"<p>ASK 105 YK YK6 YK6+4 Maksimum Hidrolik Yatay Uzanma 16,73 29,77 Maksimum Mekanik Yatay Uzanma 21,9 35,09 Maksimum Hidrolik Dikey Uzanma 20,28 33,26 Maksimum Mekanik Dikey Uzanma 25,37 38,56 Hidrolik Bom Say\u0131s\u0131 6 6+4 Mekanik Bom Say\u0131s\u0131 2 2 \u00c7al\u0131\u015fma Bas\u0131nc\u0131 ( bar ) 290 290 D\u00f6nme A\u00e7\u0131s\u0131 ( \u00b0 ) Sonsuz\/Endless Sonsuz\/Endless Ya\u011f Tank\u0131 [&hellip;]<\/p>","protected":false},"featured_media":2013,"comment_status":"open","ping_status":"closed","template":"","meta":{"_acf_changed":false,"_et_pb_use_builder":"","_et_pb_old_content":"","_et_gb_content_width":""},"product_brand":[],"product_cat":[21],"product_tag":[],"class_list":{"0":"post-932","1":"product","2":"type-product","3":"status-publish","4":"has-post-thumbnail","6":"product_cat-arac-ustu-yana-katlanir-vincler","8":"first","9":"instock","10":"shipping-taxable","11":"product-type-simple"},"acf":[],"_links":{"self":[{"href":"https:\/\/aselkon.com.tr\/ru\/wp-json\/wp\/v2\/product\/932","targetHints":{"allow":["GET"]}}],"collection":[{"href":"https:\/\/aselkon.com.tr\/ru\/wp-json\/wp\/v2\/product"}],"about":[{"href":"https:\/\/aselkon.com.tr\/ru\/wp-json\/wp\/v2\/types\/product"}],"replies":[{"embeddable":true,"href":"https:\/\/aselkon.com.tr\/ru\/wp-json\/wp\/v2\/comments?post=932"}],"wp:featuredmedia":[{"embeddable":true,"href":"https:\/\/aselkon.com.tr\/ru\/wp-json\/wp\/v2\/media\/2013"}],"wp:attachment":[{"href":"https:\/\/aselkon.com.tr\/ru\/wp-json\/wp\/v2\/media?parent=932"}],"wp:term":[{"taxonomy":"product_brand","embeddable":true,"href":"https:\/\/aselkon.com.tr\/ru\/wp-json\/wp\/v2\/product_brand?post=932"},{"taxonomy":"product_cat","embeddable":true,"href":"https:\/\/aselkon.com.tr\/ru\/wp-json\/wp\/v2\/product_cat?post=932"},{"taxonomy":"product_tag","embeddable":true,"href":"https:\/\/aselkon.com.tr\/ru\/wp-json\/wp\/v2\/product_tag?post=932"}],"curies":[{"name":"wp","href":"https:\/\/api.w.org\/{rel}","templated":true}]}}